{"id":28927,"date":"2022-11-28T09:07:41","date_gmt":"2022-11-28T08:07:41","guid":{"rendered":"https:\/\/eleonorevidaldelablache.com\/?page_id=28927"},"modified":"2023-03-19T17:53:45","modified_gmt":"2023-03-19T16:53:45","slug":"accompagnements","status":"publish","type":"page","link":"https:\/\/eleonorevidaldelablache.com\/en\/accompagnements\/","title":{"rendered":"Accompagnements"},"content":{"rendered":"<div data-elementor-type=\"wp-page\" data-elementor-id=\"28927\" class=\"elementor elementor-28927\">\n\t\t\t\t\t\t\t\t\t<section class=\"elementor-section elementor-top-section elementor-element elementor-element-2991845a elementor-section-boxed elementor-section-height-default elementor-section-height-default\" data-id=\"2991845a\" data-element_type=\"section\" data-settings=\"{&quot;background_background&quot;:&quot;gradient&quot;,&quot;shape_divider_bottom&quot;:&quot;curve&quot;,&quot;shape_divider_bottom_negative&quot;:&quot;yes&quot;}\">\n\t\t\t\t\t<div class=\"elementor-shape elementor-shape-bottom\" data-negative=\"true\">\n\t\t\t<svg xmlns=\"http:\/\/www.w3.org\/2000\/svg\" viewbox=\"0 0 1000 100\" preserveaspectratio=\"none\">\n\t<path class=\"elementor-shape-fill\" d=\"M500,97C126.7,96.3,0.8,19.8,0,0v100l1000,0V1C1000,19.4,873.3,97.8,500,97z\"\/>\n<\/svg>\t\t<\/div>\n\t\t\t\t\t<div class=\"elementor-container elementor-column-gap-default\">\n\t\t\t\t\t<div class=\"elementor-column elementor-col-100 elementor-top-column elementor-element elementor-element-15f0501e\" data-id=\"15f0501e\" data-element_type=\"column\">\n\t\t\t<div class=\"elementor-widget-wrap elementor-element-populated\">\n\t\t\t\t\t\t\t\t<div class=\"elementor-element elementor-element-7514689f elementor-widget elementor-widget-text-editor\" data-id=\"7514689f\" data-element_type=\"widget\" data-widget_type=\"text-editor.default\">\n\t\t\t\t<div class=\"elementor-widget-container\">\n\t\t\t<style>\/*! elementor - v3.12.2 - 23-04-2023 *\/\n.elementor-widget-text-editor.elementor-drop-cap-view-stacked .elementor-drop-cap{background-color:#69727d;color:#fff}.elementor-widget-text-editor.elementor-drop-cap-view-framed .elementor-drop-cap{color:#69727d;border:3px solid;background-color:transparent}.elementor-widget-text-editor:not(.elementor-drop-cap-view-default) .elementor-drop-cap{margin-top:8px}.elementor-widget-text-editor:not(.elementor-drop-cap-view-default) .elementor-drop-cap-letter{width:1em;height:1em}.elementor-widget-text-editor .elementor-drop-cap{float:left;text-align:center;line-height:1;font-size:50px}.elementor-widget-text-editor .elementor-drop-cap-letter{display:inline-block}<\/style>\t\t\t\t<p><b><span style=\"vertical-align: inherit;\"><span style=\"vertical-align: inherit;\">&nbsp;My services<\/span><\/span><\/b><\/p>\t\t\t\t\t\t<\/div>\n\t\t\t\t<\/div>\n\t\t\t\t\t<\/div>\n\t\t<\/div>\n\t\t\t\t\t\t\t<\/div>\n\t\t<\/section>\n\t\t\t\t<section class=\"elementor-section elementor-top-section elementor-element elementor-element-3798b070 elementor-section-boxed elementor-section-height-default elementor-section-height-default\" data-id=\"3798b070\" data-element_type=\"section\" data-settings=\"{&quot;background_background&quot;:&quot;gradient&quot;}\">\n\t\t\t\t\t\t<div class=\"elementor-container elementor-column-gap-default\">\n\t\t\t\t\t<div class=\"elementor-column elementor-col-100 elementor-top-column elementor-element elementor-element-4699673b\" data-id=\"4699673b\" data-element_type=\"column\">\n\t\t\t<div class=\"elementor-widget-wrap elementor-element-populated\">\n\t\t\t\t\t\t\t\t<section class=\"elementor-section elementor-inner-section elementor-element elementor-element-0dff68a elementor-reverse-mobile elementor-section-boxed elementor-section-height-default elementor-section-height-default\" data-id=\"0dff68a\" data-element_type=\"section\">\n\t\t\t\t\t\t<div class=\"elementor-container elementor-column-gap-default\">\n\t\t\t\t\t<div class=\"elementor-column elementor-col-50 elementor-inner-column elementor-element elementor-element-95d6665\" data-id=\"95d6665\" data-element_type=\"column\">\n\t\t\t<div class=\"elementor-widget-wrap elementor-element-populated\">\n\t\t\t\t\t\t\t\t<div class=\"elementor-element elementor-element-4abef3a e-transform elementor-widget elementor-widget-image\" data-id=\"4abef3a\" data-element_type=\"widget\" data-settings=\"{&quot;_transform_scale_effect&quot;:{&quot;unit&quot;:&quot;px&quot;,&quot;size&quot;:1.3,&quot;sizes&quot;:[]},&quot;_transform_scale_effect_tablet&quot;:{&quot;unit&quot;:&quot;px&quot;,&quot;size&quot;:&quot;&quot;,&quot;sizes&quot;:[]},&quot;_transform_scale_effect_mobile&quot;:{&quot;unit&quot;:&quot;px&quot;,&quot;size&quot;:&quot;&quot;,&quot;sizes&quot;:[]}}\" data-widget_type=\"image.default\">\n\t\t\t\t<div class=\"elementor-widget-container\">\n\t\t\t<style>\/*! elementor - v3.12.2 - 23-04-2023 *\/\n.elementor-widget-image{text-align:center}.elementor-widget-image a{display:inline-block}.elementor-widget-image a img[src$=\".svg\"]{width:48px}.elementor-widget-image img{vertical-align:middle;display:inline-block}<\/style>\t\t\t\t\t\t\t\t\t\t\t\t<img loading=\"lazy\" decoding=\"async\" width=\"684\" height=\"1024\" src=\"https:\/\/eleonorevidaldelablache.com\/wp-content\/uploads\/2023\/02\/A17DEA8E-837D-40C8-A3A3-0E9EF8234EE6-1-684x1024.jpg\" class=\"attachment-large size-large wp-image-30789\" alt=\"\" \/>\t\t\t\t\t\t\t\t\t\t\t\t\t\t\t<\/div>\n\t\t\t\t<\/div>\n\t\t\t\t\t<\/div>\n\t\t<\/div>\n\t\t\t\t<div class=\"elementor-column elementor-col-50 elementor-inner-column elementor-element elementor-element-4cd6272\" data-id=\"4cd6272\" data-element_type=\"column\">\n\t\t\t<div class=\"elementor-widget-wrap elementor-element-populated\">\n\t\t\t\t\t\t\t\t<div class=\"elementor-element elementor-element-097a161 elementor-widget elementor-widget-text-editor\" data-id=\"097a161\" data-element_type=\"widget\" data-widget_type=\"text-editor.default\">\n\t\t\t\t<div class=\"elementor-widget-container\">\n\t\t\t\t\t\t\t<p>Feeling stuck in your career? Looking for a new balance? Overwhelmed by the academic or career choices you have to make?<\/p>\n<p>I offer specific and structured programmes, tailored to your situation.<\/p>\t\t\t\t\t\t<\/div>\n\t\t\t\t<\/div>\n\t\t\t\t\t<\/div>\n\t\t<\/div>\n\t\t\t\t\t\t\t<\/div>\n\t\t<\/section>\n\t\t\t\t<section class=\"elementor-section elementor-inner-section elementor-element elementor-element-7688cc63 elementor-section-boxed elementor-section-height-default elementor-section-height-default\" data-id=\"7688cc63\" data-element_type=\"section\">\n\t\t\t\t\t\t<div class=\"elementor-container elementor-column-gap-default\">\n\t\t\t\t\t<div class=\"elementor-column elementor-col-33 elementor-inner-column elementor-element elementor-element-5cc2cd61\" data-id=\"5cc2cd61\" data-element_type=\"column\">\n\t\t\t<div class=\"elementor-widget-wrap elementor-element-populated\">\n\t\t\t\t\t\t\t\t<div class=\"elementor-element elementor-element-23a05d45 elementor-view-default elementor-widget elementor-widget-icon\" data-id=\"23a05d45\" data-element_type=\"widget\" data-widget_type=\"icon.default\">\n\t\t\t\t<div class=\"elementor-widget-container\">\n\t\t\t\t\t<div class=\"elementor-icon-wrapper\">\n\t\t\t<div class=\"elementor-icon\">\n\t\t\t<svg xmlns=\"http:\/\/www.w3.org\/2000\/svg\" id=\"Calque_2\" viewbox=\"0 0 11.79 13.55\"><defs><style>.cls-1{fill:#591023;}<\/style><\/defs><g id=\"Calque_1-2\"><polygon class=\"cls-1\" points=\".1 13.55 0 0 11.79 6.69 .1 13.55\"><\/polygon><\/g><\/svg>\t\t\t<\/div>\n\t\t<\/div>\n\t\t\t\t<\/div>\n\t\t\t\t<\/div>\n\t\t\t\t<div class=\"elementor-element elementor-element-2bd08d13 elementor-widget elementor-widget-heading\" data-id=\"2bd08d13\" data-element_type=\"widget\" data-widget_type=\"heading.default\">\n\t\t\t\t<div class=\"elementor-widget-container\">\n\t\t\t<style>\/*! elementor - v3.12.2 - 23-04-2023 *\/\n.elementor-heading-title{padding:0;margin:0;line-height:1}.elementor-widget-heading .elementor-heading-title[class*=elementor-size-]>a{color:inherit;font-size:inherit;line-height:inherit}.elementor-widget-heading .elementor-heading-title.elementor-size-small{font-size:15px}.elementor-widget-heading .elementor-heading-title.elementor-size-medium{font-size:19px}.elementor-widget-heading .elementor-heading-title.elementor-size-large{font-size:29px}.elementor-widget-heading .elementor-heading-title.elementor-size-xl{font-size:39px}.elementor-widget-heading .elementor-heading-title.elementor-size-xxl{font-size:59px}<\/style><h2 class=\"elementor-heading-title elementor-size-default\">1:1 coaching cycle<\/h2>\t\t<\/div>\n\t\t\t\t<\/div>\n\t\t\t\t<div class=\"elementor-element elementor-element-fa41e01 elementor-widget elementor-widget-text-editor\" data-id=\"fa41e01\" data-element_type=\"widget\" data-widget_type=\"text-editor.default\">\n\t\t\t\t<div class=\"elementor-widget-container\">\n\t\t\t\t\t\t\t<p>1:1 coaching cycle to help you clarify your career vision and take you to the next chapter.<\/p><p>\u00a0<\/p>\t\t\t\t\t\t<\/div>\n\t\t\t\t<\/div>\n\t\t\t\t<div class=\"elementor-element elementor-element-31b5462a elementor-align-center elementor-widget elementor-widget-button\" data-id=\"31b5462a\" data-element_type=\"widget\" data-widget_type=\"button.default\">\n\t\t\t\t<div class=\"elementor-widget-container\">\n\t\t\t\t\t<div class=\"elementor-button-wrapper\">\n\t\t\t<a href=\"https:\/\/eleonorevidaldelablache.com\/en\/coaching-individuel\/\" class=\"elementor-button-link elementor-button elementor-size-sm elementor-animation-grow\" role=\"button\">\n\t\t\t\t\t\t<span class=\"elementor-button-content-wrapper\">\n\t\t\t\t\t\t\t<span class=\"elementor-button-icon elementor-align-icon-right\">\n\t\t\t\t<i aria-hidden=\"true\" class=\"fas fa-long-arrow-alt-right\"><\/i>\t\t\t<\/span>\n\t\t\t\t\t\t<span class=\"elementor-button-text\">I am interested<\/span>\n\t\t<\/span>\n\t\t\t\t\t<\/a>\n\t\t<\/div>\n\t\t\t\t<\/div>\n\t\t\t\t<\/div>\n\t\t\t\t\t<\/div>\n\t\t<\/div>\n\t\t\t\t<div class=\"elementor-column elementor-col-33 elementor-inner-column elementor-element elementor-element-2d7b69ba\" data-id=\"2d7b69ba\" data-element_type=\"column\" data-settings=\"{&quot;background_background&quot;:&quot;classic&quot;}\">\n\t\t\t<div class=\"elementor-widget-wrap elementor-element-populated\">\n\t\t\t\t\t\t\t\t<div class=\"elementor-element elementor-element-43d91d1 elementor-view-default elementor-widget elementor-widget-icon\" data-id=\"43d91d1\" data-element_type=\"widget\" data-widget_type=\"icon.default\">\n\t\t\t\t<div class=\"elementor-widget-container\">\n\t\t\t\t\t<div class=\"elementor-icon-wrapper\">\n\t\t\t<div class=\"elementor-icon\">\n\t\t\t<svg xmlns=\"http:\/\/www.w3.org\/2000\/svg\" id=\"Calque_2\" viewbox=\"0 0 11.79 13.55\"><defs><style>.cls-1{fill:#591023;}<\/style><\/defs><g id=\"Calque_1-2\"><polygon class=\"cls-1\" points=\".1 13.55 0 0 11.79 6.69 .1 13.55\"><\/polygon><\/g><\/svg>\t\t\t<\/div>\n\t\t<\/div>\n\t\t\t\t<\/div>\n\t\t\t\t<\/div>\n\t\t\t\t<div class=\"elementor-element elementor-element-63c7e5cf elementor-widget elementor-widget-heading\" data-id=\"63c7e5cf\" data-element_type=\"widget\" data-widget_type=\"heading.default\">\n\t\t\t\t<div class=\"elementor-widget-container\">\n\t\t\t<h2 class=\"elementor-heading-title elementor-size-default\">Students &amp; Graduates Coaching<\/h2>\t\t<\/div>\n\t\t\t\t<\/div>\n\t\t\t\t<div class=\"elementor-element elementor-element-4675ca1 elementor-widget elementor-widget-text-editor\" data-id=\"4675ca1\" data-element_type=\"widget\" data-widget_type=\"text-editor.default\">\n\t\t\t\t<div class=\"elementor-widget-container\">\n\t\t\t\t\t\t\t<p>A specific programme for students and young graduates to guide them through academic and professional transitions.<\/p><p>\u00a0<\/p>\t\t\t\t\t\t<\/div>\n\t\t\t\t<\/div>\n\t\t\t\t<div class=\"elementor-element elementor-element-4f5bd73a elementor-align-center elementor-widget elementor-widget-button\" data-id=\"4f5bd73a\" data-element_type=\"widget\" data-widget_type=\"button.default\">\n\t\t\t\t<div class=\"elementor-widget-container\">\n\t\t\t\t\t<div class=\"elementor-button-wrapper\">\n\t\t\t<a href=\"https:\/\/eleonorevidaldelablache.com\/en\/espace-jeunes\/\" class=\"elementor-button-link elementor-button elementor-size-sm elementor-animation-grow\" role=\"button\">\n\t\t\t\t\t\t<span class=\"elementor-button-content-wrapper\">\n\t\t\t\t\t\t\t<span class=\"elementor-button-icon elementor-align-icon-right\">\n\t\t\t\t<i aria-hidden=\"true\" class=\"fas fa-long-arrow-alt-right\"><\/i>\t\t\t<\/span>\n\t\t\t\t\t\t<span class=\"elementor-button-text\">I am interested<\/span>\n\t\t<\/span>\n\t\t\t\t\t<\/a>\n\t\t<\/div>\n\t\t\t\t<\/div>\n\t\t\t\t<\/div>\n\t\t\t\t\t<\/div>\n\t\t<\/div>\n\t\t\t\t<div class=\"elementor-column elementor-col-33 elementor-inner-column elementor-element elementor-element-5e5ac891\" data-id=\"5e5ac891\" data-element_type=\"column\" data-settings=\"{&quot;background_background&quot;:&quot;classic&quot;}\">\n\t\t\t<div class=\"elementor-widget-wrap elementor-element-populated\">\n\t\t\t\t\t\t\t\t<div class=\"elementor-element elementor-element-744e33c elementor-view-default elementor-widget elementor-widget-icon\" data-id=\"744e33c\" data-element_type=\"widget\" data-widget_type=\"icon.default\">\n\t\t\t\t<div class=\"elementor-widget-container\">\n\t\t\t\t\t<div class=\"elementor-icon-wrapper\">\n\t\t\t<div class=\"elementor-icon\">\n\t\t\t<svg xmlns=\"http:\/\/www.w3.org\/2000\/svg\" id=\"Calque_2\" viewbox=\"0 0 11.79 13.55\"><defs><style>.cls-1{fill:#591023;}<\/style><\/defs><g id=\"Calque_1-2\"><polygon class=\"cls-1\" points=\".1 13.55 0 0 11.79 6.69 .1 13.55\"><\/polygon><\/g><\/svg>\t\t\t<\/div>\n\t\t<\/div>\n\t\t\t\t<\/div>\n\t\t\t\t<\/div>\n\t\t\t\t<div class=\"elementor-element elementor-element-6a1a9041 elementor-widget elementor-widget-heading\" data-id=\"6a1a9041\" data-element_type=\"widget\" data-widget_type=\"heading.default\">\n\t\t\t\t<div class=\"elementor-widget-container\">\n\t\t\t<h2 class=\"elementor-heading-title elementor-size-default\">Group Coaching<\/h2>\t\t<\/div>\n\t\t\t\t<\/div>\n\t\t\t\t<div class=\"elementor-element elementor-element-93fd951 elementor-widget elementor-widget-text-editor\" data-id=\"93fd951\" data-element_type=\"widget\" data-widget_type=\"text-editor.default\">\n\t\t\t\t<div class=\"elementor-widget-container\">\n\t\t\t\t\t\t\t<p>Regular workshops and group coaching to discuss various career topics.<\/p>\t\t\t\t\t\t<\/div>\n\t\t\t\t<\/div>\n\t\t\t\t<div class=\"elementor-element elementor-element-58bae073 elementor-align-center elementor-widget elementor-widget-button\" data-id=\"58bae073\" data-element_type=\"widget\" data-widget_type=\"button.default\">\n\t\t\t\t<div class=\"elementor-widget-container\">\n\t\t\t\t\t<div class=\"elementor-button-wrapper\">\n\t\t\t<a href=\"https:\/\/eleonorevidaldelablache.com\/en\/coaching-de-groupe\/\" class=\"elementor-button-link elementor-button elementor-size-sm elementor-animation-grow\" role=\"button\">\n\t\t\t\t\t\t<span class=\"elementor-button-content-wrapper\">\n\t\t\t\t\t\t\t<span class=\"elementor-button-icon elementor-align-icon-right\">\n\t\t\t\t<i aria-hidden=\"true\" class=\"fas fa-long-arrow-alt-right\"><\/i>\t\t\t<\/span>\n\t\t\t\t\t\t<span class=\"elementor-button-text\">I am interested<\/span>\n\t\t<\/span>\n\t\t\t\t\t<\/a>\n\t\t<\/div>\n\t\t\t\t<\/div>\n\t\t\t\t<\/div>\n\t\t\t\t\t<\/div>\n\t\t<\/div>\n\t\t\t\t\t\t\t<\/div>\n\t\t<\/section>\n\t\t\t\t<div class=\"elementor-element elementor-element-1e70ab2 elementor-widget elementor-widget-spacer\" data-id=\"1e70ab2\" data-element_type=\"widget\" data-widget_type=\"spacer.default\">\n\t\t\t\t<div class=\"elementor-widget-container\">\n\t\t\t<style>\/*! elementor - v3.12.2 - 23-04-2023 *\/\n.elementor-column .elementor-spacer-inner{height:var(--spacer-size)}.e-con{--container-widget-width:100%}.e-con-inner>.elementor-widget-spacer,.e-con>.elementor-widget-spacer{width:var(--container-widget-width,var(--spacer-size));--align-self:var(--container-widget-align-self,initial);--flex-shrink:0}.e-con-inner>.elementor-widget-spacer>.elementor-widget-container,.e-con-inner>.elementor-widget-spacer>.elementor-widget-container>.elementor-spacer,.e-con>.elementor-widget-spacer>.elementor-widget-container,.e-con>.elementor-widget-spacer>.elementor-widget-container>.elementor-spacer{height:100%}.e-con-inner>.elementor-widget-spacer>.elementor-widget-container>.elementor-spacer>.elementor-spacer-inner,.e-con>.elementor-widget-spacer>.elementor-widget-container>.elementor-spacer>.elementor-spacer-inner{height:var(--container-widget-height,var(--spacer-size))}<\/style>\t\t<div class=\"elementor-spacer\">\n\t\t\t<div class=\"elementor-spacer-inner\"><\/div>\n\t\t<\/div>\n\t\t\t\t<\/div>\n\t\t\t\t<\/div>\n\t\t\t\t\t<\/div>\n\t\t<\/div>\n\t\t\t\t\t\t\t<\/div>\n\t\t<\/section>\n\t\t\t\t\t\t\t<\/div>","protected":false},"excerpt":{"rendered":"<p>&nbsp;Mes accompagnements Bloqu\u00e9(e) dans votre carri\u00e8re ? A la recherche d&rsquo;un nouvel \u00e9quilibre ? Stress\u00e9(e) par vos d\u00e9marches et choix d&rsquo;orientation ? Je d\u00e9veloppe des programmes sp\u00e9cifiques (individuels ou collectif) pour vous accompagner au mieux sur votre th\u00e9matique. Coaching individuel Cycle de sessions en 1:1 pour travailler la probl\u00e9matique de votre choix.\u00a0 D\u00e9couvrir Coaching d&rsquo;orientation [&hellip;]<\/p>","protected":false},"author":1,"featured_media":0,"parent":0,"menu_order":0,"comment_status":"closed","ping_status":"closed","template":"elementor_header_footer","meta":{"_et_pb_use_builder":"on","_et_pb_old_content":"","_et_gb_content_width":"","footnotes":""},"class_list":["post-28927","page","type-page","status-publish","hentry"],"yoast_head":"<!-- This site is optimized with the Yoast SEO plugin v20.6 - https:\/\/yoast.com\/wordpress\/plugins\/seo\/ -->\n<title>Accompagnements - El\u00e9onore Vidal de la Blache<\/title>\n<meta name=\"robots\" content=\"index, follow, max-snippet:-1, max-image-preview:large, max-video-preview:-1\" \/>\n<link rel=\"canonical\" href=\"https:\/\/eleonorevidaldelablache.com\/en\/accompagnements\/\" \/>\n<meta property=\"og:locale\" content=\"en_GB\" \/>\n<meta property=\"og:type\" content=\"article\" \/>\n<meta property=\"og:title\" content=\"Accompagnements - El\u00e9onore Vidal de la Blache\" \/>\n<meta property=\"og:description\" content=\"&nbsp;Mes accompagnements Bloqu\u00e9(e) dans votre carri\u00e8re ? A la recherche d&#039;un nouvel \u00e9quilibre ? Stress\u00e9(e) par vos d\u00e9marches et choix d&#039;orientation ? Je d\u00e9veloppe des programmes sp\u00e9cifiques (individuels ou collectif) pour vous accompagner au mieux sur votre th\u00e9matique. Coaching individuel Cycle de sessions en 1:1 pour travailler la probl\u00e9matique de votre choix.\u00a0 D\u00e9couvrir Coaching d&#039;orientation [&hellip;]\" \/>\n<meta property=\"og:url\" content=\"https:\/\/eleonorevidaldelablache.com\/en\/accompagnements\/\" \/>\n<meta property=\"og:site_name\" content=\"El\u00e9onore Vidal de la Blache\" \/>\n<meta property=\"article:modified_time\" content=\"2023-03-19T16:53:45+00:00\" \/>\n<meta property=\"og:image\" content=\"https:\/\/eleonorevidaldelablache.com\/wp-content\/uploads\/2023\/02\/A17DEA8E-837D-40C8-A3A3-0E9EF8234EE6-1-684x1024.jpg\" \/>\n<meta name=\"twitter:card\" content=\"summary_large_image\" \/>\n<meta name=\"twitter:label1\" content=\"Estimated reading time\" \/>\n\t<meta name=\"twitter:data1\" content=\"1 minute\" \/>\n<script type=\"application\/ld+json\" class=\"yoast-schema-graph\">{\"@context\":\"https:\/\/schema.org\",\"@graph\":[{\"@type\":\"WebPage\",\"@id\":\"https:\/\/eleonorevidaldelablache.com\/accompagnements\/\",\"url\":\"https:\/\/eleonorevidaldelablache.com\/accompagnements\/\",\"name\":\"Accompagnements - El\u00e9onore Vidal de la Blache\",\"isPartOf\":{\"@id\":\"https:\/\/eleonorevidaldelablache.com\/#website\"},\"datePublished\":\"2022-11-28T08:07:41+00:00\",\"dateModified\":\"2023-03-19T16:53:45+00:00\",\"breadcrumb\":{\"@id\":\"https:\/\/eleonorevidaldelablache.com\/accompagnements\/#breadcrumb\"},\"inLanguage\":\"en-GB\",\"potentialAction\":[{\"@type\":\"ReadAction\",\"target\":[\"https:\/\/eleonorevidaldelablache.com\/accompagnements\/\"]}]},{\"@type\":\"BreadcrumbList\",\"@id\":\"https:\/\/eleonorevidaldelablache.com\/accompagnements\/#breadcrumb\",\"itemListElement\":[{\"@type\":\"ListItem\",\"position\":1,\"name\":\"Home\",\"item\":\"https:\/\/eleonorevidaldelablache.com\/\"},{\"@type\":\"ListItem\",\"position\":2,\"name\":\"Accompagnements\"}]},{\"@type\":\"WebSite\",\"@id\":\"https:\/\/eleonorevidaldelablache.com\/#website\",\"url\":\"https:\/\/eleonorevidaldelablache.com\/\",\"name\":\"El\u00e9onore Vidal de la Blache\",\"description\":\"Coach professionnelle certifi\u00e9e\",\"publisher\":{\"@id\":\"https:\/\/eleonorevidaldelablache.com\/#\/schema\/person\/b35b49d49a7e84ad8887bdcb4cbd6084\"},\"potentialAction\":[{\"@type\":\"SearchAction\",\"target\":{\"@type\":\"EntryPoint\",\"urlTemplate\":\"https:\/\/eleonorevidaldelablache.com\/?s={search_term_string}\"},\"query-input\":\"required name=search_term_string\"}],\"inLanguage\":\"en-GB\"},{\"@type\":[\"Person\",\"Organization\"],\"@id\":\"https:\/\/eleonorevidaldelablache.com\/#\/schema\/person\/b35b49d49a7e84ad8887bdcb4cbd6084\",\"name\":\"eleonore\",\"image\":{\"@type\":\"ImageObject\",\"inLanguage\":\"en-GB\",\"@id\":\"https:\/\/eleonorevidaldelablache.com\/#\/schema\/person\/image\/\",\"url\":\"https:\/\/eleonorevidaldelablache.com\/wp-content\/uploads\/2023\/02\/linkedin-scaled.jpg\",\"contentUrl\":\"https:\/\/eleonorevidaldelablache.com\/wp-content\/uploads\/2023\/02\/linkedin-scaled.jpg\",\"width\":2560,\"height\":640,\"caption\":\"eleonore\"},\"logo\":{\"@id\":\"https:\/\/eleonorevidaldelablache.com\/#\/schema\/person\/image\/\"},\"sameAs\":[\"https:\/\/eleonorevidaldelablache.com\",\"https:\/\/www.instagram.com\/eleonore_coachingpro\/\",\"https:\/\/www.linkedin.com\/in\/eleonorevidaldelablache\/\"]}]}<\/script>\n<!-- \/ Yoast SEO plugin. -->","yoast_head_json":{"title":"Accompagnements - El\u00e9onore Vidal de la Blache","robots":{"index":"index","follow":"follow","max-snippet":"max-snippet:-1","max-image-preview":"max-image-preview:large","max-video-preview":"max-video-preview:-1"},"canonical":"https:\/\/eleonorevidaldelablache.com\/en\/accompagnements\/","og_locale":"en_GB","og_type":"article","og_title":"Accompagnements - El\u00e9onore Vidal de la Blache","og_description":"&nbsp;Mes accompagnements Bloqu\u00e9(e) dans votre carri\u00e8re ? A la recherche d'un nouvel \u00e9quilibre ? Stress\u00e9(e) par vos d\u00e9marches et choix d'orientation ? Je d\u00e9veloppe des programmes sp\u00e9cifiques (individuels ou collectif) pour vous accompagner au mieux sur votre th\u00e9matique. Coaching individuel Cycle de sessions en 1:1 pour travailler la probl\u00e9matique de votre choix.\u00a0 D\u00e9couvrir Coaching d'orientation [&hellip;]","og_url":"https:\/\/eleonorevidaldelablache.com\/en\/accompagnements\/","og_site_name":"El\u00e9onore Vidal de la Blache","article_modified_time":"2023-03-19T16:53:45+00:00","og_image":[{"url":"https:\/\/eleonorevidaldelablache.com\/wp-content\/uploads\/2023\/02\/A17DEA8E-837D-40C8-A3A3-0E9EF8234EE6-1-684x1024.jpg"}],"twitter_card":"summary_large_image","twitter_misc":{"Estimated reading time":"1 minute"},"schema":{"@context":"https:\/\/schema.org","@graph":[{"@type":"WebPage","@id":"https:\/\/eleonorevidaldelablache.com\/accompagnements\/","url":"https:\/\/eleonorevidaldelablache.com\/accompagnements\/","name":"Accompagnements - El\u00e9onore Vidal de la Blache","isPartOf":{"@id":"https:\/\/eleonorevidaldelablache.com\/#website"},"datePublished":"2022-11-28T08:07:41+00:00","dateModified":"2023-03-19T16:53:45+00:00","breadcrumb":{"@id":"https:\/\/eleonorevidaldelablache.com\/accompagnements\/#breadcrumb"},"inLanguage":"en-GB","potentialAction":[{"@type":"ReadAction","target":["https:\/\/eleonorevidaldelablache.com\/accompagnements\/"]}]},{"@type":"BreadcrumbList","@id":"https:\/\/eleonorevidaldelablache.com\/accompagnements\/#breadcrumb","itemListElement":[{"@type":"ListItem","position":1,"name":"Home","item":"https:\/\/eleonorevidaldelablache.com\/"},{"@type":"ListItem","position":2,"name":"Accompagnements"}]},{"@type":"WebSite","@id":"https:\/\/eleonorevidaldelablache.com\/#website","url":"https:\/\/eleonorevidaldelablache.com\/","name":"El\u00e9onore Vidal de la Blache","description":"Coach professionnelle certifi\u00e9e","publisher":{"@id":"https:\/\/eleonorevidaldelablache.com\/#\/schema\/person\/b35b49d49a7e84ad8887bdcb4cbd6084"},"potentialAction":[{"@type":"SearchAction","target":{"@type":"EntryPoint","urlTemplate":"https:\/\/eleonorevidaldelablache.com\/?s={search_term_string}"},"query-input":"required name=search_term_string"}],"inLanguage":"en-GB"},{"@type":["Person","Organization"],"@id":"https:\/\/eleonorevidaldelablache.com\/#\/schema\/person\/b35b49d49a7e84ad8887bdcb4cbd6084","name":"eleonore","image":{"@type":"ImageObject","inLanguage":"en-GB","@id":"https:\/\/eleonorevidaldelablache.com\/#\/schema\/person\/image\/","url":"https:\/\/eleonorevidaldelablache.com\/wp-content\/uploads\/2023\/02\/linkedin-scaled.jpg","contentUrl":"https:\/\/eleonorevidaldelablache.com\/wp-content\/uploads\/2023\/02\/linkedin-scaled.jpg","width":2560,"height":640,"caption":"eleonore"},"logo":{"@id":"https:\/\/eleonorevidaldelablache.com\/#\/schema\/person\/image\/"},"sameAs":["https:\/\/eleonorevidaldelablache.com","https:\/\/www.instagram.com\/eleonore_coachingpro\/","https:\/\/www.linkedin.com\/in\/eleonorevidaldelablache\/"]}]}},"_links":{"self":[{"href":"https:\/\/eleonorevidaldelablache.com\/en\/wp-json\/wp\/v2\/pages\/28927","targetHints":{"allow":["GET"]}}],"collection":[{"href":"https:\/\/eleonorevidaldelablache.com\/en\/wp-json\/wp\/v2\/pages"}],"about":[{"href":"https:\/\/eleonorevidaldelablache.com\/en\/wp-json\/wp\/v2\/types\/page"}],"author":[{"embeddable":true,"href":"https:\/\/eleonorevidaldelablache.com\/en\/wp-json\/wp\/v2\/users\/1"}],"replies":[{"embeddable":true,"href":"https:\/\/eleonorevidaldelablache.com\/en\/wp-json\/wp\/v2\/comments?post=28927"}],"version-history":[{"count":188,"href":"https:\/\/eleonorevidaldelablache.com\/en\/wp-json\/wp\/v2\/pages\/28927\/revisions"}],"predecessor-version":[{"id":31404,"href":"https:\/\/eleonorevidaldelablache.com\/en\/wp-json\/wp\/v2\/pages\/28927\/revisions\/31404"}],"wp:attachment":[{"href":"https:\/\/eleonorevidaldelablache.com\/en\/wp-json\/wp\/v2\/media?parent=28927"}],"curies":[{"name":"wp","href":"https:\/\/api.w.org\/{rel}","templated":true}]}}